{"id":763,"date":"2020-02-09T11:42:43","date_gmt":"2020-02-09T11:42:43","guid":{"rendered":"http:\/\/www.hcrossmm.org.uk\/?page_id=763"},"modified":"2020-06-21T07:22:32","modified_gmt":"2020-06-21T07:22:32","slug":"zrodlo-informator-polskiej-wspolnoty","status":"publish","type":"page","link":"http:\/\/www.hcrossmm.org.uk\/?page_id=763","title":{"rendered":"\u0179r\u00f3d\u0142o &#8211; informator polskiej wsp\u00f3lnoty"},"content":{"rendered":"<p>POLSKI BIULETYN \u0179R\u00d3D\u0141O OD NR 100 U NAS! &#8211; Zapraszamy<br \/>\nMo\u017cesz go dosta\u0107 na Tw\u00f3j email: napisz email: zrodlo.informator@gmail.com temat: Newsletter<br \/>\nhttps:\/\/www.facebook.com\/zrodlo.informator\/ &#8211; tam s\u0105 wszystkie numery;<br \/>\nmo\u017cesz te\u017c klikn\u0105c na link:<br \/>\n\u0179R\u00d3D\u0141O NR 119 czytaj on-line: <a href=\"https:\/\/online.pubhtml5.com\/jegg\/bvxs\/\">https:\/\/online.pubhtml5.com\/jegg\/bvxs\/<\/a><\/p>\n","protected":false},"excerpt":{"rendered":"<p>POLSKI BIULETYN \u0179R\u00d3D\u0141O OD NR 100 U NAS! &#8211; Zapraszamy Mo\u017cesz go dosta\u0107 na Tw\u00f3j email: napisz email: zrodlo.informator@gmail.com temat: Newsletter https:\/\/www.facebook.com\/zrodlo.informator\/ &#8211; tam s\u0105 wszystkie numery; mo\u017cesz te\u017c klikn\u0105c&hellip; <\/p>\n","protected":false},"author":1,"featured_media":0,"parent":0,"menu_order":0,"comment_status":"closed","ping_status":"closed","template":"","meta":{"footnotes":""},"class_list":["post-763","page","type-page","status-publish","hentry"],"_links":{"self":[{"href":"http:\/\/www.hcrossmm.org.uk\/index.php?rest_route=\/wp\/v2\/pages\/763","targetHints":{"allow":["GET"]}}],"collection":[{"href":"http:\/\/www.hcrossmm.org.uk\/index.php?rest_route=\/wp\/v2\/pages"}],"about":[{"href":"http:\/\/www.hcrossmm.org.uk\/index.php?rest_route=\/wp\/v2\/types\/page"}],"author":[{"embeddable":true,"href":"http:\/\/www.hcrossmm.org.uk\/index.php?rest_route=\/wp\/v2\/users\/1"}],"replies":[{"embeddable":true,"href":"http:\/\/www.hcrossmm.org.uk\/index.php?rest_route=%2Fwp%2Fv2%2Fcomments&post=763"}],"version-history":[{"count":10,"href":"http:\/\/www.hcrossmm.org.uk\/index.php?rest_route=\/wp\/v2\/pages\/763\/revisions"}],"predecessor-version":[{"id":1409,"href":"http:\/\/www.hcrossmm.org.uk\/index.php?rest_route=\/wp\/v2\/pages\/763\/revisions\/1409"}],"wp:attachment":[{"href":"http:\/\/www.hcrossmm.org.uk\/index.php?rest_route=%2Fwp%2Fv2%2Fmedia&parent=763"}],"curies":[{"name":"wp","href":"https:\/\/api.w.org\/{rel}","templated":true}]}}